{"id":13,"date":"2021-01-19T10:50:19","date_gmt":"2021-01-19T09:50:19","guid":{"rendered":"https:\/\/phonemarket.re\/?page_id=13"},"modified":"2021-07-20T10:40:37","modified_gmt":"2021-07-20T08:40:37","slug":"besoin-daide","status":"publish","type":"page","link":"https:\/\/phonemarket.re\/index.php\/besoin-daide\/","title":{"rendered":"Besoin d&rsquo;aide ?"},"content":{"rendered":"\t\t<div data-elementor-type=\"wp-page\" data-elementor-id=\"13\" class=\"elementor elementor-13\">\n\t\t\t\t\t\t<section class=\"elementor-section elementor-top-section elementor-element elementor-element-7db9343b elementor-section-boxed elementor-section-height-default elementor-section-height-default\" data-id=\"7db9343b\" data-element_type=\"section\" data-e-type=\"section\">\n\t\t\t\t\t\t<div class=\"elementor-container elementor-column-gap-default\">\n\t\t\t\t\t<div class=\"elementor-column elementor-col-100 elementor-top-column elementor-element elementor-element-6a932c25\" data-id=\"6a932c25\" data-element_type=\"column\" data-e-type=\"column\">\n\t\t\t<div class=\"elementor-widget-wrap elementor-element-populated\">\n\t\t\t\t\t\t<div class=\"elementor-element elementor-element-11ff1979 elementor-widget elementor-widget-text-editor\" data-id=\"11ff1979\" data-element_type=\"widget\" data-e-type=\"widget\" data-widget_type=\"text-editor.default\">\n\t\t\t\t<div class=\"elementor-widget-container\">\n\t\t\t\t\t\t\t\t\t<p><\/p><strong>Nous, chez PhoneMarket, on vous assiste r\u00e9ellement, on vous accompagne jusqu\u2019au bout si besoin.<\/strong>\n<p><\/p>\n<p><\/p>\n<ul class=\"wp-block-list\">\n<li><strong>Disponibilit\u00e9<\/strong><\/li>\n<li><strong>R\u00e9activit\u00e9&nbsp;<\/strong><\/li>\n<li><strong>Notre service client est l\u00e0 pour vous \u00e0 chaque instant<\/strong><\/li>\n<\/ul>\n<p><\/p>\n<p><\/p>\n<p><strong>Avant l\u2019achat<\/strong><\/p>\n<p><\/p>\n<p><\/p>\n<p>Un probl\u00e8me de cr\u00e9ation votre compte client ? Pourquoi on pratique des prix aussi bas et tout compris (prix nets, les droits de douanes sont inclus) Unes commande sp\u00e9ciale. N&rsquo;h\u00e9sitez pas, on est au top et sympa.<\/p>\n<p><\/p>\n<p><\/p>\n<p><strong>Pendant<\/strong><\/p>\n<p><\/p>\n<p><\/p>\n<p>Vous h\u00e9sitez entre plusieurs mod\u00e8les ? Vous avez des questions (pr\u00e9cises ou non) sur les caract\u00e9ristiques d&rsquo;un appareil ? Et la livraison, \u00e7a se passe comment ? Et pour payer, quelles possibilit\u00e9s ? Un probl\u00e8me quelconque au moment du paiement ou de la mise en panier ? Quelles sont les disponibilit\u00e9s ? Posez-nous toutes vos questions, nous y r\u00e9pondrons !<\/p>\n<p><\/p>\n<p><\/p>\n<p><strong>Apr\u00e8s<\/strong><\/p>\n<p><\/p>\n<p><\/p>\n<p>Nos 25 ans sont la pour vous rassurer, notre service client encore plus. L&rsquo;utilisation de votre appareil vous parait difficile, nos points relais pourront vous aider. Besoins d\u2019accessoires, on a. Vous constatez un dysfonctionnement : contactez-nous !<\/p>\n<p><\/p>\n<p><\/p>\n<p><strong>Comment ?<\/strong><\/p>\n<p><\/p>\n<p><\/p>\n<p>Tout a \u00e9t\u00e9 fait pour pouvoir nous contacter et m\u00eame plus<\/p>\n<p><\/p>\n<p><\/p>\n<p><\/p>\n<p><\/p>\n<p>On reste \u00e0 votre \u00e9coute par:<\/p>\n<p><\/p>\n<p><\/p>\n<p><\/p>\t\t\t\t\t\t\t\t<\/div>\n\t\t\t\t<\/div>\n\t\t\t\t\t<\/div>\n\t\t<\/div>\n\t\t\t\t\t<\/div>\n\t\t<\/section>\n\t\t\t\t<section class=\"elementor-section elementor-top-section elementor-element elementor-element-8afb86c elementor-section-boxed elementor-section-height-default elementor-section-height-default\" data-id=\"8afb86c\" data-element_type=\"section\" data-e-type=\"section\">\n\t\t\t\t\t\t<div class=\"elementor-container elementor-column-gap-default\">\n\t\t\t\t\t<div class=\"elementor-column elementor-col-25 elementor-top-column elementor-element elementor-element-8a34877\" data-id=\"8a34877\" data-element_type=\"column\" data-e-type=\"column\">\n\t\t\t<div class=\"elementor-widget-wrap elementor-element-populated\">\n\t\t\t\t\t\t<div class=\"elementor-element elementor-element-562d02f elementor-position-top elementor-widget elementor-widget-image-box\" data-id=\"562d02f\" data-element_type=\"widget\" data-e-type=\"widget\" data-widget_type=\"image-box.default\">\n\t\t\t\t<div class=\"elementor-widget-container\">\n\t\t\t\t\t<div class=\"elementor-image-box-wrapper\"><figure class=\"elementor-image-box-img\"><img fetchpriority=\"high\" decoding=\"async\" width=\"512\" height=\"512\" src=\"https:\/\/phonemarket.re\/wp-content\/uploads\/2021\/01\/telephone-1.png\" class=\"attachment-full size-full wp-image-900\" alt=\"\" srcset=\"https:\/\/phonemarket.re\/wp-content\/uploads\/2021\/01\/telephone-1.png 512w, https:\/\/phonemarket.re\/wp-content\/uploads\/2021\/01\/telephone-1-400x400.png 400w, https:\/\/phonemarket.re\/wp-content\/uploads\/2021\/01\/telephone-1-100x100.png 100w, https:\/\/phonemarket.re\/wp-content\/uploads\/2021\/01\/telephone-1-300x300.png 300w, https:\/\/phonemarket.re\/wp-content\/uploads\/2021\/01\/telephone-1-150x150.png 150w, https:\/\/phonemarket.re\/wp-content\/uploads\/2021\/01\/telephone-1-200x200.png 200w\" sizes=\"(max-width: 512px) 100vw, 512px\" \/><\/figure><div class=\"elementor-image-box-content\"><h3 class=\"elementor-image-box-title\">T\u00e9l\u00e9phone<\/h3><p class=\"elementor-image-box-description\">06 92 99 96 66<\/p><\/div><\/div>\t\t\t\t<\/div>\n\t\t\t\t<\/div>\n\t\t\t\t\t<\/div>\n\t\t<\/div>\n\t\t\t\t<div class=\"elementor-column elementor-col-25 elementor-top-column elementor-element elementor-element-da91604\" data-id=\"da91604\" data-element_type=\"column\" data-e-type=\"column\">\n\t\t\t<div class=\"elementor-widget-wrap elementor-element-populated\">\n\t\t\t\t\t\t<div class=\"elementor-element elementor-element-421e597 elementor-position-top elementor-widget elementor-widget-image-box\" data-id=\"421e597\" data-element_type=\"widget\" data-e-type=\"widget\" data-widget_type=\"image-box.default\">\n\t\t\t\t<div class=\"elementor-widget-container\">\n\t\t\t\t\t<div class=\"elementor-image-box-wrapper\"><figure class=\"elementor-image-box-img\"><img decoding=\"async\" width=\"1024\" height=\"1024\" src=\"https:\/\/phonemarket.re\/wp-content\/uploads\/2021\/01\/mail.png\" class=\"attachment-full size-full wp-image-899\" alt=\"\" srcset=\"https:\/\/phonemarket.re\/wp-content\/uploads\/2021\/01\/mail.png 1024w, https:\/\/phonemarket.re\/wp-content\/uploads\/2021\/01\/mail-400x400.png 400w, https:\/\/phonemarket.re\/wp-content\/uploads\/2021\/01\/mail-100x100.png 100w, https:\/\/phonemarket.re\/wp-content\/uploads\/2021\/01\/mail-600x600.png 600w, https:\/\/phonemarket.re\/wp-content\/uploads\/2021\/01\/mail-300x300.png 300w, https:\/\/phonemarket.re\/wp-content\/uploads\/2021\/01\/mail-150x150.png 150w, https:\/\/phonemarket.re\/wp-content\/uploads\/2021\/01\/mail-768x768.png 768w, https:\/\/phonemarket.re\/wp-content\/uploads\/2021\/01\/mail-200x200.png 200w\" sizes=\"(max-width: 1024px) 100vw, 1024px\" \/><\/figure><div class=\"elementor-image-box-content\"><h3 class=\"elementor-image-box-title\">Mail<\/h3><p class=\"elementor-image-box-description\">phonemarket.re@gmail.com<\/p><\/div><\/div>\t\t\t\t<\/div>\n\t\t\t\t<\/div>\n\t\t\t\t\t<\/div>\n\t\t<\/div>\n\t\t\t\t<div class=\"elementor-column elementor-col-25 elementor-top-column elementor-element elementor-element-d9d3dd3\" data-id=\"d9d3dd3\" data-element_type=\"column\" data-e-type=\"column\">\n\t\t\t<div class=\"elementor-widget-wrap elementor-element-populated\">\n\t\t\t\t\t\t<div class=\"elementor-element elementor-element-de8d450 elementor-position-top elementor-widget elementor-widget-image-box\" data-id=\"de8d450\" data-element_type=\"widget\" data-e-type=\"widget\" data-widget_type=\"image-box.default\">\n\t\t\t\t<div class=\"elementor-widget-container\">\n\t\t\t\t\t<div class=\"elementor-image-box-wrapper\"><figure class=\"elementor-image-box-img\"><a href=\"https:\/\/www.facebook.com\/Phonemarket974\" target=\"_blank\" rel=\"nofollow\" tabindex=\"-1\"><img decoding=\"async\" width=\"1097\" height=\"1097\" src=\"https:\/\/phonemarket.re\/wp-content\/uploads\/2021\/01\/facebook-1.png\" class=\"attachment-full size-full wp-image-897\" alt=\"\" srcset=\"https:\/\/phonemarket.re\/wp-content\/uploads\/2021\/01\/facebook-1.png 1097w, https:\/\/phonemarket.re\/wp-content\/uploads\/2021\/01\/facebook-1-400x400.png 400w, https:\/\/phonemarket.re\/wp-content\/uploads\/2021\/01\/facebook-1-100x100.png 100w, https:\/\/phonemarket.re\/wp-content\/uploads\/2021\/01\/facebook-1-600x600.png 600w, https:\/\/phonemarket.re\/wp-content\/uploads\/2021\/01\/facebook-1-300x300.png 300w, https:\/\/phonemarket.re\/wp-content\/uploads\/2021\/01\/facebook-1-1024x1024.png 1024w, https:\/\/phonemarket.re\/wp-content\/uploads\/2021\/01\/facebook-1-150x150.png 150w, https:\/\/phonemarket.re\/wp-content\/uploads\/2021\/01\/facebook-1-768x768.png 768w, https:\/\/phonemarket.re\/wp-content\/uploads\/2021\/01\/facebook-1-200x200.png 200w\" sizes=\"(max-width: 1097px) 100vw, 1097px\" \/><\/a><\/figure><div class=\"elementor-image-box-content\"><h3 class=\"elementor-image-box-title\"><a href=\"https:\/\/www.facebook.com\/Phonemarket974\" target=\"_blank\" rel=\"nofollow\">Facebook<\/a><\/h3><\/div><\/div>\t\t\t\t<\/div>\n\t\t\t\t<\/div>\n\t\t\t\t\t<\/div>\n\t\t<\/div>\n\t\t\t\t<div class=\"elementor-column elementor-col-25 elementor-top-column elementor-element elementor-element-1976f36\" data-id=\"1976f36\" data-element_type=\"column\" data-e-type=\"column\">\n\t\t\t<div class=\"elementor-widget-wrap\">\n\t\t\t\t\t\t\t<\/div>\n\t\t<\/div>\n\t\t\t\t\t<\/div>\n\t\t<\/section>\n\t\t\t\t<\/div>\n\t\t","protected":false},"excerpt":{"rendered":"<p>Nous, chez PhoneMarket, on vous assiste r\u00e9ellement, on vous accompagne jusqu\u2019au bout si besoin. Disponibilit\u00e9 R\u00e9activit\u00e9&nbsp; Notre service client est l\u00e0 pour vous \u00e0 chaque instant Avant l\u2019achat Un probl\u00e8me de cr\u00e9ation votre compte client ? Pourquoi on pratique des prix aussi bas et tout compris (prix nets, les droits de douanes sont inclus) Unes [&hellip;]<\/p>\n","protected":false},"author":1,"featured_media":0,"parent":0,"menu_order":0,"comment_status":"closed","ping_status":"closed","template":"","meta":{"site-sidebar-layout":"default","site-content-layout":"default","ast-site-content-layout":"","site-content-style":"default","site-sidebar-style":"default","ast-global-header-display":"","ast-banner-title-visibility":"","ast-main-header-display":"","ast-hfb-above-header-display":"","ast-hfb-below-header-display":"","ast-hfb-mobile-header-display":"","site-post-title":"disabled","ast-breadcrumbs-content":"","ast-featured-img":"","footer-sml-layout":"","theme-transparent-header-meta":"default","adv-header-id-meta":"","stick-header-meta":"","header-above-stick-meta":"","header-main-stick-meta":"","header-below-stick-meta":"","astra-migrate-meta-layouts":"default","ast-page-background-enabled":"default","ast-page-background-meta":{"desktop":{"background-color":"var(--ast-global-color-4)","background-image":"","background-repeat":"repeat","background-position":"center center","background-size":"auto","background-attachment":"scroll","background-type":"","background-media":"","overlay-type":"","overlay-color":"","overlay-gradient":""},"tablet":{"background-color":"","background-image":"","background-repeat":"repeat","background-position":"center center","background-size":"auto","background-attachment":"scroll","background-type":"","background-media":"","overlay-type":"","overlay-color":"","overlay-gradient":""},"mobile":{"background-color":"","background-image":"","background-repeat":"repeat","background-position":"center center","background-size":"auto","background-attachment":"scroll","background-type":"","background-media":"","overlay-type":"","overlay-color":"","overlay-gradient":""}},"ast-content-background-meta":{"desktop":{"background-color":"var(--ast-global-color-5)","background-image":"","background-repeat":"repeat","background-position":"center center","background-size":"auto","background-attachment":"scroll","background-type":"","background-media":"","overlay-type":"","overlay-color":"","overlay-gradient":""},"tablet":{"background-color":"var(--ast-global-color-5)","background-image":"","background-repeat":"repeat","background-position":"center center","background-size":"auto","background-attachment":"scroll","background-type":"","background-media":"","overlay-type":"","overlay-color":"","overlay-gradient":""},"mobile":{"background-color":"var(--ast-global-color-5)","background-image":"","background-repeat":"repeat","background-position":"center center","background-size":"auto","background-attachment":"scroll","background-type":"","background-media":"","overlay-type":"","overlay-color":"","overlay-gradient":""}},"footnotes":""},"class_list":["post-13","page","type-page","status-publish","hentry"],"_links":{"self":[{"href":"https:\/\/phonemarket.re\/index.php\/wp-json\/wp\/v2\/pages\/13","targetHints":{"allow":["GET"]}}],"collection":[{"href":"https:\/\/phonemarket.re\/index.php\/wp-json\/wp\/v2\/pages"}],"about":[{"href":"https:\/\/phonemarket.re\/index.php\/wp-json\/wp\/v2\/types\/page"}],"author":[{"embeddable":true,"href":"https:\/\/phonemarket.re\/index.php\/wp-json\/wp\/v2\/users\/1"}],"replies":[{"embeddable":true,"href":"https:\/\/phonemarket.re\/index.php\/wp-json\/wp\/v2\/comments?post=13"}],"version-history":[{"count":36,"href":"https:\/\/phonemarket.re\/index.php\/wp-json\/wp\/v2\/pages\/13\/revisions"}],"predecessor-version":[{"id":3180,"href":"https:\/\/phonemarket.re\/index.php\/wp-json\/wp\/v2\/pages\/13\/revisions\/3180"}],"wp:attachment":[{"href":"https:\/\/phonemarket.re\/index.php\/wp-json\/wp\/v2\/media?parent=13"}],"curies":[{"name":"wp","href":"https:\/\/api.w.org\/{rel}","templated":true}]}}