{"id":119,"date":"2021-01-19T17:53:32","date_gmt":"2021-01-19T16:53:32","guid":{"rendered":"https:\/\/phonemarket.re\/?post_type=product&#038;p=119"},"modified":"2024-03-13T08:01:28","modified_gmt":"2024-03-13T07:01:28","slug":"enceinte-bluetooth-radio-divoom-macchiato","status":"publish","type":"product","link":"https:\/\/phonemarket.re\/index.php\/produit\/enceinte-bluetooth-radio-divoom-macchiato\/","title":{"rendered":"Enceinte bluetooth\/radio Macchiato"},"content":{"rendered":"<p><strong>Sp\u00e9cifications<\/strong><\/p>\n<p>HARDWARE Sortie: puissance audio 6 W<\/p>\n<p>Basse: double radiateur passif<\/p>\n<p>Batterie: batterie lithium-ion de 1400 mAh<\/p>\n<p>Haut-parleur: single full range<\/p>\n<p>Extra: TWS St\u00e9r\u00e9o\/ FM Radio<\/p>\n<p>Temps de lecture: 8 heures<\/p>\n<p>Sp\u00e9cifications Dimensions: 96 L x 53 W x 65 H mm<\/p>\n<p>Poids: 340 g<\/p>\n<p>Sortie: 6 W<\/p>\n<p>Dimensions du haut-parleur: 40 mm<\/p>\n<p>R\u00e9ponse en fr\u00e9quence: 80 \u2013 20 KHz<\/p>\n<p>Rapport signal\/bruit: \u2265 85 dB.<\/p>\n<p>Jusqu&rsquo;\u00e0 8 heures.<\/p>\n<p>Capacit\u00e9 de la batterie: 1400 mAh.<\/p>\n<p>Charge: 3 heures.<\/p>\n<p>Tension de la batterie: 3, 7 V.<\/p>\n<p>Port\u00e9e sans fil: jusqu&rsquo;\u00e0 10 m\u00e8tres.<\/p>\n<p>Compatible avec Bluetooth: 5.0.<\/p>\n<p>Port\u00e9e sans fil: jusqu&rsquo;\u00e0 10 m\u00e8tres.<\/p>\n<p>Disponible<\/p>\n","protected":false},"excerpt":{"rendered":"<p>Un son incroyable pour sa petite taille !<\/p>\n<p>Le haut-parleur Macchiato au style vintage repr\u00e9sente votre individualit\u00e9 et votre go\u00fbt uniques pour le design et la musique. Meilleure qualit\u00e9 dans sa classe macchiato produit une incroyable exp\u00e9rience audio gr\u00e2ce \u00e0 son pilote et aux notes passives perfectionn\u00e9es. Radio FM Macchiato est une radio portative, il suffit de brancher l&rsquo;antenne pour profiter de vos stations radio pr\u00e9f\u00e9r\u00e9es !<\/p>\n","protected":false},"featured_media":4522,"template":"","meta":{"site-sidebar-layout":"default","site-content-layout":"default","ast-site-content-layout":"default","site-content-style":"default","site-sidebar-style":"default","ast-global-header-display":"","ast-banner-title-visibility":"","ast-main-header-display":"","ast-hfb-above-header-display":"","ast-hfb-below-header-display":"","ast-hfb-mobile-header-display":"","site-post-title":"","ast-breadcrumbs-content":"","ast-featured-img":"","footer-sml-layout":"","theme-transparent-header-meta":"default","adv-header-id-meta":"","stick-header-meta":"","header-above-stick-meta":"","header-main-stick-meta":"","header-below-stick-meta":"","astra-migrate-meta-layouts":"set","ast-page-background-enabled":"default","ast-page-background-meta":{"desktop":{"background-color":"var(--ast-global-color-4)","background-image":"","background-repeat":"repeat","background-position":"center center","background-size":"auto","background-attachment":"scroll","background-type":"","background-media":"","overlay-type":"","overlay-color":"","overlay-gradient":""},"tablet":{"background-color":"","background-image":"","background-repeat":"repeat","background-position":"center center","background-size":"auto","background-attachment":"scroll","background-type":"","background-media":"","overlay-type":"","overlay-color":"","overlay-gradient":""},"mobile":{"background-color":"","background-image":"","background-repeat":"repeat","background-position":"center center","background-size":"auto","background-attachment":"scroll","background-type":"","background-media":"","overlay-type":"","overlay-color":"","overlay-gradient":""}},"ast-content-background-meta":{"desktop":{"background-color":"var(--ast-global-color-5)","background-image":"","background-repeat":"repeat","background-position":"center center","background-size":"auto","background-attachment":"scroll","background-type":"","background-media":"","overlay-type":"","overlay-color":"","overlay-gradient":""},"tablet":{"background-color":"var(--ast-global-color-5)","background-image":"","background-repeat":"repeat","background-position":"center center","background-size":"auto","background-attachment":"scroll","background-type":"","background-media":"","overlay-type":"","overlay-color":"","overlay-gradient":""},"mobile":{"background-color":"var(--ast-global-color-5)","background-image":"","background-repeat":"repeat","background-position":"center center","background-size":"auto","background-attachment":"scroll","background-type":"","background-media":"","overlay-type":"","overlay-color":"","overlay-gradient":""}}},"product_brand":[],"product_cat":[20,71],"product_tag":[],"class_list":{"0":"post-119","1":"product","2":"type-product","3":"status-publish","4":"has-post-thumbnail","6":"product_cat-accessoires","7":"product_cat-tous","8":"desktop-align-left","9":"tablet-align-left","10":"mobile-align-left","12":"first","13":"instock","14":"taxable","15":"shipping-taxable","16":"purchasable","17":"product-type-simple"},"_links":{"self":[{"href":"https:\/\/phonemarket.re\/index.php\/wp-json\/wp\/v2\/product\/119","targetHints":{"allow":["GET"]}}],"collection":[{"href":"https:\/\/phonemarket.re\/index.php\/wp-json\/wp\/v2\/product"}],"about":[{"href":"https:\/\/phonemarket.re\/index.php\/wp-json\/wp\/v2\/types\/product"}],"wp:featuredmedia":[{"embeddable":true,"href":"https:\/\/phonemarket.re\/index.php\/wp-json\/wp\/v2\/media\/4522"}],"wp:attachment":[{"href":"https:\/\/phonemarket.re\/index.php\/wp-json\/wp\/v2\/media?parent=119"}],"wp:term":[{"taxonomy":"product_brand","embeddable":true,"href":"https:\/\/phonemarket.re\/index.php\/wp-json\/wp\/v2\/product_brand?post=119"},{"taxonomy":"product_cat","embeddable":true,"href":"https:\/\/phonemarket.re\/index.php\/wp-json\/wp\/v2\/product_cat?post=119"},{"taxonomy":"product_tag","embeddable":true,"href":"https:\/\/phonemarket.re\/index.php\/wp-json\/wp\/v2\/product_tag?post=119"}],"curies":[{"name":"wp","href":"https:\/\/api.w.org\/{rel}","templated":true}]}}