{"id":3964,"date":"2021-09-21T09:44:14","date_gmt":"2021-09-21T07:44:14","guid":{"rendered":"https:\/\/phonemarket.re\/?post_type=product&#038;p=3964"},"modified":"2024-10-10T14:53:39","modified_gmt":"2024-10-10T12:53:39","slug":"blackview-a80s","status":"publish","type":"product","link":"https:\/\/phonemarket.re\/index.php\/produit\/blackview-a80s\/","title":{"rendered":"BLACKVIEW A80s"},"content":{"rendered":"<p class=\"page_heading\"><strong>FICHE TECHNIQUE<\/strong><\/p>\n<p><b>Sp\u00e9cificit\u00e9s<br \/>\n<\/b>SIM : Double SIM<br \/>\nType de SIM : Nano SIM<br \/>\nSyst\u00e8me d\u2019exploitation : Android 10<br \/>\nProcesseur : MediaTek MT6762V\/WD<br \/>\nBatterie:\u00a0 4200 mAh<br \/>\nLargeur : 76,3 mm<br \/>\nHauteur : 157,6 mm<br \/>\nEpaisseur : 8,8 mm<br \/>\nPoids : 180 g<\/p>\n<p><b>M\u00e9moire<br \/>\n<\/b>RAM : 4 Go<br \/>\nM\u00e9moire : 64 Go<br \/>\nExtensible : Oui \u2013 Micro SD jusqu&rsquo;\u00e0 128 Go<\/p>\n<p><b>Cam\u00e9ras<\/b><br \/>\nCam\u00e9ra arri\u00e8re : 13, 2, 0.3, 0.3 Mpx<br \/>\nCam\u00e9ra frontale : 5 Mpx<\/p>\n<p><b>Affichage<br \/>\n<\/b>Ecran : 6.217\u2033<br \/>\nD\u00e9finition \u00e9cran : 720 x 1520 pixels<\/p>\n<p><b>Connectivit\u00e9s<\/b><br \/>\nPrise en charge du d\u00e9verrouillage par empreinte digitale<br \/>\nTechnologie Bluetooth : Bluetooth 4.2<br \/>\nFr\u00e9quence : 4G<br \/>\nNFC : Oui<\/p>\n","protected":false},"excerpt":{"rendered":"<p>FICHE TECHNIQUE Sp\u00e9cificit\u00e9s SIM : Double SIM Type de SIM : Nano SIM Syst\u00e8me d\u2019exploitation : Android 10 Processeur : MediaTek MT6762V\/WD Batterie:\u00a0 4200 mAh Largeur : 76,3 mm Hauteur : 157,6 mm Epaisseur : 8,8 mm Poids : 180 g M\u00e9moire RAM : 4 Go M\u00e9moire : 64 Go Extensible : Oui \u2013 Micro [&hellip;]<\/p>\n","protected":false},"featured_media":4587,"template":"","meta":{"site-sidebar-layout":"default","site-content-layout":"default","ast-site-content-layout":"default","site-content-style":"default","site-sidebar-style":"default","ast-global-header-display":"","ast-banner-title-visibility":"","ast-main-header-display":"","ast-hfb-above-header-display":"","ast-hfb-below-header-display":"","ast-hfb-mobile-header-display":"","site-post-title":"","ast-breadcrumbs-content":"","ast-featured-img":"","footer-sml-layout":"","theme-transparent-header-meta":"default","adv-header-id-meta":"","stick-header-meta":"","header-above-stick-meta":"","header-main-stick-meta":"","header-below-stick-meta":"","astra-migrate-meta-layouts":"set","ast-page-background-enabled":"default","ast-page-background-meta":{"desktop":{"background-color":"var(--ast-global-color-4)","background-image":"","background-repeat":"repeat","background-position":"center center","background-size":"auto","background-attachment":"scroll","background-type":"","background-media":"","overlay-type":"","overlay-color":"","overlay-gradient":""},"tablet":{"background-color":"","background-image":"","background-repeat":"repeat","background-position":"center center","background-size":"auto","background-attachment":"scroll","background-type":"","background-media":"","overlay-type":"","overlay-color":"","overlay-gradient":""},"mobile":{"background-color":"","background-image":"","background-repeat":"repeat","background-position":"center center","background-size":"auto","background-attachment":"scroll","background-type":"","background-media":"","overlay-type":"","overlay-color":"","overlay-gradient":""}},"ast-content-background-meta":{"desktop":{"background-color":"var(--ast-global-color-5)","background-image":"","background-repeat":"repeat","background-position":"center center","background-size":"auto","background-attachment":"scroll","background-type":"","background-media":"","overlay-type":"","overlay-color":"","overlay-gradient":""},"tablet":{"background-color":"var(--ast-global-color-5)","background-image":"","background-repeat":"repeat","background-position":"center center","background-size":"auto","background-attachment":"scroll","background-type":"","background-media":"","overlay-type":"","overlay-color":"","overlay-gradient":""},"mobile":{"background-color":"var(--ast-global-color-5)","background-image":"","background-repeat":"repeat","background-position":"center center","background-size":"auto","background-attachment":"scroll","background-type":"","background-media":"","overlay-type":"","overlay-color":"","overlay-gradient":""}}},"product_brand":[],"product_cat":[17,95,19,49,72],"product_tag":[],"class_list":{"0":"post-3964","1":"product","2":"type-product","3":"status-publish","4":"has-post-thumbnail","6":"product_cat-1er-prix","7":"product_cat-blackview","8":"product_cat-marques","9":"product_cat-telephones","10":"product_cat-tous-les-marques","11":"desktop-align-left","12":"tablet-align-left","13":"mobile-align-left","15":"first","16":"onbackorder","17":"taxable","18":"shipping-taxable","19":"purchasable","20":"product-type-simple"},"_links":{"self":[{"href":"https:\/\/phonemarket.re\/index.php\/wp-json\/wp\/v2\/product\/3964","targetHints":{"allow":["GET"]}}],"collection":[{"href":"https:\/\/phonemarket.re\/index.php\/wp-json\/wp\/v2\/product"}],"about":[{"href":"https:\/\/phonemarket.re\/index.php\/wp-json\/wp\/v2\/types\/product"}],"wp:featuredmedia":[{"embeddable":true,"href":"https:\/\/phonemarket.re\/index.php\/wp-json\/wp\/v2\/media\/4587"}],"wp:attachment":[{"href":"https:\/\/phonemarket.re\/index.php\/wp-json\/wp\/v2\/media?parent=3964"}],"wp:term":[{"taxonomy":"product_brand","embeddable":true,"href":"https:\/\/phonemarket.re\/index.php\/wp-json\/wp\/v2\/product_brand?post=3964"},{"taxonomy":"product_cat","embeddable":true,"href":"https:\/\/phonemarket.re\/index.php\/wp-json\/wp\/v2\/product_cat?post=3964"},{"taxonomy":"product_tag","embeddable":true,"href":"https:\/\/phonemarket.re\/index.php\/wp-json\/wp\/v2\/product_tag?post=3964"}],"curies":[{"name":"wp","href":"https:\/\/api.w.org\/{rel}","templated":true}]}}