{"id":4168,"date":"2022-12-28T13:00:00","date_gmt":"2022-12-28T12:00:00","guid":{"rendered":"https:\/\/phonemarket.re\/?post_type=product&#038;p=4168"},"modified":"2024-05-28T12:19:47","modified_gmt":"2024-05-28T10:19:47","slug":"konrow-soft-5p","status":"publish","type":"product","link":"https:\/\/phonemarket.re\/index.php\/produit\/konrow-soft-5p\/","title":{"rendered":"KONROW SOFT 5P"},"content":{"rendered":"<p class=\"page_heading\"><strong>FICHE TECHNIQUE<\/strong><\/p>\n<p><b>Sp\u00e9cificit\u00e9s<br \/>\n<\/b>SIM : Double SIM<br \/>\nType de SIM : 1 Micro SIM &amp; 1 Nano SIM<br \/>\nSyst\u00e8me d\u2019exploitation : Android 11<br \/>\nProcesseur : Quad-Core<br \/>\nBatterie:\u00a0 2500 mAh<br \/>\nLargeur : 73,2 mm<br \/>\nHauteur : 144,5 mm<br \/>\nEpaisseur : 10,35 mm<br \/>\nPoids : 185 g<\/p>\n<p><b>M\u00e9moire<br \/>\n<\/b>RAM : 1 Go<br \/>\nM\u00e9moire : 16 Go<br \/>\nExtensible : Oui \u2013 Micro SD extensible \u00e0 64 Go<\/p>\n<p><b>Cam\u00e9ras<\/b><br \/>\nCam\u00e9ra arri\u00e8re : 5 Mpx<br \/>\nCam\u00e9ra frontale : 2 Mpx<\/p>\n<p><b>Affichage<br \/>\n<\/b>Ecran : 5\u2033<br \/>\nD\u00e9finition \u00e9cran : 480 x 854 pixels<\/p>\n<p><b>Connectivit\u00e9s<\/b><br \/>\nTechnologie Bluetooth : Bluetooth 4.0<br \/>\nChargeur rapide<br \/>\nFr\u00e9quence : 4G<\/p>\n","protected":false},"excerpt":{"rendered":"<p>FICHE TECHNIQUE Sp\u00e9cificit\u00e9s SIM : Double SIM Type de SIM : 1 Micro SIM &amp; 1 Nano SIM Syst\u00e8me d\u2019exploitation : Android 11 Processeur : Quad-Core Batterie:\u00a0 2500 mAh Largeur : 73,2 mm Hauteur : 144,5 mm Epaisseur : 10,35 mm Poids : 185 g M\u00e9moire RAM : 1 Go M\u00e9moire : 16 Go Extensible [&hellip;]<\/p>\n","protected":false},"featured_media":4579,"template":"","meta":{"site-sidebar-layout":"default","site-content-layout":"default","ast-site-content-layout":"default","site-content-style":"default","site-sidebar-style":"default","ast-global-header-display":"","ast-banner-title-visibility":"","ast-main-header-display":"","ast-hfb-above-header-display":"","ast-hfb-below-header-display":"","ast-hfb-mobile-header-display":"","site-post-title":"","ast-breadcrumbs-content":"","ast-featured-img":"","footer-sml-layout":"","theme-transparent-header-meta":"default","adv-header-id-meta":"","stick-header-meta":"","header-above-stick-meta":"","header-main-stick-meta":"","header-below-stick-meta":"","astra-migrate-meta-layouts":"set","ast-page-background-enabled":"default","ast-page-background-meta":{"desktop":{"background-color":"var(--ast-global-color-4)","background-image":"","background-repeat":"repeat","background-position":"center center","background-size":"auto","background-attachment":"scroll","background-type":"","background-media":"","overlay-type":"","overlay-color":"","overlay-gradient":""},"tablet":{"background-color":"","background-image":"","background-repeat":"repeat","background-position":"center center","background-size":"auto","background-attachment":"scroll","background-type":"","background-media":"","overlay-type":"","overlay-color":"","overlay-gradient":""},"mobile":{"background-color":"","background-image":"","background-repeat":"repeat","background-position":"center center","background-size":"auto","background-attachment":"scroll","background-type":"","background-media":"","overlay-type":"","overlay-color":"","overlay-gradient":""}},"ast-content-background-meta":{"desktop":{"background-color":"var(--ast-global-color-5)","background-image":"","background-repeat":"repeat","background-position":"center center","background-size":"auto","background-attachment":"scroll","background-type":"","background-media":"","overlay-type":"","overlay-color":"","overlay-gradient":""},"tablet":{"background-color":"var(--ast-global-color-5)","background-image":"","background-repeat":"repeat","background-position":"center center","background-size":"auto","background-attachment":"scroll","background-type":"","background-media":"","overlay-type":"","overlay-color":"","overlay-gradient":""},"mobile":{"background-color":"var(--ast-global-color-5)","background-image":"","background-repeat":"repeat","background-position":"center center","background-size":"auto","background-attachment":"scroll","background-type":"","background-media":"","overlay-type":"","overlay-color":"","overlay-gradient":""}}},"product_brand":[],"product_cat":[17,97,49,72],"product_tag":[],"class_list":{"0":"post-4168","1":"product","2":"type-product","3":"status-publish","4":"has-post-thumbnail","6":"product_cat-1er-prix","7":"product_cat-konrow","8":"product_cat-telephones","9":"product_cat-tous-les-marques","10":"desktop-align-left","11":"tablet-align-left","12":"mobile-align-left","14":"first","15":"instock","16":"taxable","17":"shipping-taxable","18":"purchasable","19":"product-type-simple"},"_links":{"self":[{"href":"https:\/\/phonemarket.re\/index.php\/wp-json\/wp\/v2\/product\/4168","targetHints":{"allow":["GET"]}}],"collection":[{"href":"https:\/\/phonemarket.re\/index.php\/wp-json\/wp\/v2\/product"}],"about":[{"href":"https:\/\/phonemarket.re\/index.php\/wp-json\/wp\/v2\/types\/product"}],"wp:featuredmedia":[{"embeddable":true,"href":"https:\/\/phonemarket.re\/index.php\/wp-json\/wp\/v2\/media\/4579"}],"wp:attachment":[{"href":"https:\/\/phonemarket.re\/index.php\/wp-json\/wp\/v2\/media?parent=4168"}],"wp:term":[{"taxonomy":"product_brand","embeddable":true,"href":"https:\/\/phonemarket.re\/index.php\/wp-json\/wp\/v2\/product_brand?post=4168"},{"taxonomy":"product_cat","embeddable":true,"href":"https:\/\/phonemarket.re\/index.php\/wp-json\/wp\/v2\/product_cat?post=4168"},{"taxonomy":"product_tag","embeddable":true,"href":"https:\/\/phonemarket.re\/index.php\/wp-json\/wp\/v2\/product_tag?post=4168"}],"curies":[{"name":"wp","href":"https:\/\/api.w.org\/{rel}","templated":true}]}}