{"id":4573,"date":"2023-10-26T12:33:24","date_gmt":"2023-10-26T10:33:24","guid":{"rendered":"https:\/\/phonemarket.re\/?post_type=product&#038;p=4573"},"modified":"2024-10-10T14:42:48","modified_gmt":"2024-10-10T12:42:48","slug":"xiaomi-redmi-note-12","status":"publish","type":"product","link":"https:\/\/phonemarket.re\/index.php\/produit\/xiaomi-redmi-note-12\/","title":{"rendered":"XIAOMI Redmi 12"},"content":{"rendered":"<p class=\"page_heading\"><strong>FICHE TECHNIQUE<\/strong><\/p>\n<p><b>Sp\u00e9cificit\u00e9s<br \/>\n<\/b>SIM : Double SIM<br \/>\nType de SIM : Nano SIM<br \/>\nSyst\u00e8me d\u2019exploitation : Android 13<br \/>\nProcesseur : Octa-Core MediaTek Helio G88<br \/>\nBatterie:\u00a0 5000 mAh<br \/>\nLargeur : 76,28 mm<br \/>\nHauteur : 168,60 mm<br \/>\nEpaisseur : 8,17 mm<br \/>\nPoids : 198,5 g<\/p>\n<p><b>M\u00e9moire<br \/>\n<\/b>RAM : 4 Go<br \/>\nM\u00e9moire : 128 Go<br \/>\nExtensible : Oui Micro SDXC<\/p>\n<p><b>Cam\u00e9ras<\/b><br \/>\nCam\u00e9ra arri\u00e8re : 50, 8, 2 Mpx<br \/>\nCam\u00e9ra frontale : 8 Mpx<\/p>\n<p><b>Affichage<br \/>\n<\/b>Ecran : 6,79\u201d<br \/>\nD\u00e9finition \u00e9cran : 1080 x 2460 pixels<br \/>\nR\u00e9solution : 396 ppp<\/p>\n<p><b>Connectivit\u00e9s<\/b><br \/>\nPrise en charge du d\u00e9verrouillage par empreinte digitale<br \/>\nTechnologie Bluetooth : Bluetooth 5.3<br \/>\nChargeur \u00e0 induction<br \/>\nChargeur rapide<br \/>\nFr\u00e9quence : 4G<br \/>\nNFC<br \/>\nIP53<\/p>\n","protected":false},"excerpt":{"rendered":"<p>La super puissance de 5 000 mAh et la charge rapide de 18 W prolongent l&rsquo;autonomie et acc\u00e9l\u00e8rent la charge. Inutile de s&rsquo;inqui\u00e9ter quant au niveau de la batterie. Le Redmi 12 est pratique et performant : vous pouvez \u00e9tendre la RAM jusqu&rsquo;\u00e0 16 Go (y compris 8 Go de RAM \u00e9tendue)* pour obtenir une vitesse optimale.<\/p>\n","protected":false},"featured_media":4885,"template":"","meta":{"site-sidebar-layout":"default","site-content-layout":"default","ast-site-content-layout":"default","site-content-style":"default","site-sidebar-style":"default","ast-global-header-display":"","ast-banner-title-visibility":"","ast-main-header-display":"","ast-hfb-above-header-display":"","ast-hfb-below-header-display":"","ast-hfb-mobile-header-display":"","site-post-title":"","ast-breadcrumbs-content":"","ast-featured-img":"","footer-sml-layout":"","theme-transparent-header-meta":"default","adv-header-id-meta":"","stick-header-meta":"","header-above-stick-meta":"","header-main-stick-meta":"","header-below-stick-meta":"","astra-migrate-meta-layouts":"set","ast-page-background-enabled":"default","ast-page-background-meta":{"desktop":{"background-color":"var(--ast-global-color-4)","background-image":"","background-repeat":"repeat","background-position":"center center","background-size":"auto","background-attachment":"scroll","background-type":"","background-media":"","overlay-type":"","overlay-color":"","overlay-gradient":""},"tablet":{"background-color":"","background-image":"","background-repeat":"repeat","background-position":"center center","background-size":"auto","background-attachment":"scroll","background-type":"","background-media":"","overlay-type":"","overlay-color":"","overlay-gradient":""},"mobile":{"background-color":"","background-image":"","background-repeat":"repeat","background-position":"center center","background-size":"auto","background-attachment":"scroll","background-type":"","background-media":"","overlay-type":"","overlay-color":"","overlay-gradient":""}},"ast-content-background-meta":{"desktop":{"background-color":"var(--ast-global-color-5)","background-image":"","background-repeat":"repeat","background-position":"center center","background-size":"auto","background-attachment":"scroll","background-type":"","background-media":"","overlay-type":"","overlay-color":"","overlay-gradient":""},"tablet":{"background-color":"var(--ast-global-color-5)","background-image":"","background-repeat":"repeat","background-position":"center center","background-size":"auto","background-attachment":"scroll","background-type":"","background-media":"","overlay-type":"","overlay-color":"","overlay-gradient":""},"mobile":{"background-color":"var(--ast-global-color-5)","background-image":"","background-repeat":"repeat","background-position":"center center","background-size":"auto","background-attachment":"scroll","background-type":"","background-media":"","overlay-type":"","overlay-color":"","overlay-gradient":""}}},"product_brand":[],"product_cat":[17,49,72,32],"product_tag":[],"class_list":{"0":"post-4573","1":"product","2":"type-product","3":"status-publish","4":"has-post-thumbnail","6":"product_cat-1er-prix","7":"product_cat-telephones","8":"product_cat-tous-les-marques","9":"product_cat-xiaomi","10":"desktop-align-left","11":"tablet-align-left","12":"mobile-align-left","14":"first","15":"onbackorder","16":"taxable","17":"shipping-taxable","18":"purchasable","19":"product-type-simple"},"_links":{"self":[{"href":"https:\/\/phonemarket.re\/index.php\/wp-json\/wp\/v2\/product\/4573","targetHints":{"allow":["GET"]}}],"collection":[{"href":"https:\/\/phonemarket.re\/index.php\/wp-json\/wp\/v2\/product"}],"about":[{"href":"https:\/\/phonemarket.re\/index.php\/wp-json\/wp\/v2\/types\/product"}],"wp:featuredmedia":[{"embeddable":true,"href":"https:\/\/phonemarket.re\/index.php\/wp-json\/wp\/v2\/media\/4885"}],"wp:attachment":[{"href":"https:\/\/phonemarket.re\/index.php\/wp-json\/wp\/v2\/media?parent=4573"}],"wp:term":[{"taxonomy":"product_brand","embeddable":true,"href":"https:\/\/phonemarket.re\/index.php\/wp-json\/wp\/v2\/product_brand?post=4573"},{"taxonomy":"product_cat","embeddable":true,"href":"https:\/\/phonemarket.re\/index.php\/wp-json\/wp\/v2\/product_cat?post=4573"},{"taxonomy":"product_tag","embeddable":true,"href":"https:\/\/phonemarket.re\/index.php\/wp-json\/wp\/v2\/product_tag?post=4573"}],"curies":[{"name":"wp","href":"https:\/\/api.w.org\/{rel}","templated":true}]}}