{"id":4846,"date":"2024-03-19T08:03:48","date_gmt":"2024-03-19T07:03:48","guid":{"rendered":"https:\/\/phonemarket.re\/?post_type=product&#038;p=4846"},"modified":"2024-10-10T12:42:33","modified_gmt":"2024-10-10T10:42:33","slug":"chargeur-allume-cigare-transmetteur-moxie","status":"publish","type":"product","link":"https:\/\/phonemarket.re\/index.php\/produit\/chargeur-allume-cigare-transmetteur-moxie\/","title":{"rendered":"Chargeur allume Cigare transmetteur MOXIE"},"content":{"rendered":"<p>Pas de Bluetooth dans votre voiture ? Voici une solution pour vous ! Avec cet allume cigare multifonction MOXIE, vous allez pouvoir passer, recevoir des appels et diffuser votre musique sur l\u2019autoradio.<\/p>\n<div>\n<p>Il poss\u00e8de \u00e9galement 2 ports USB et un lecteur de carte SD pour \u00e9couter de la musique au format MP3 \/ WMA \/ WAV et FLAC.<\/p>\n<div>\n<p>&#8211; Chargeur allume cigare Bluetooth 4.2 multifonction.<\/p>\n<div>\n<p>&#8211; Chargez tous type d&rsquo;appareils gr\u00e2ce aux 2 ports USB en 3.4A.<\/p>\n<div>\n<p>&#8211; Lecteur de carte SD jusqu&rsquo;\u00e0 32go.<\/p>\n<div>&#8211; Profitez du transmetteur BLUETOOTH-FM int\u00e9gr\u00e9 : 87.5 &#8211; 108MHz<br \/>\npour diffuser la musique ou les appels de votre smartphone directement sur l\u2019autoradio.<\/p>\n<div>&#8211; Finitions Premium, ergonomique et sobre.<\/div>\n<\/div>\n<\/div>\n<\/div>\n<\/div>\n<\/div>\n","protected":false},"excerpt":{"rendered":"<p>Pas de Bluetooth dans votre voiture ? Voici une solution pour vous ! Avec cet allume cigare multifonction MOXIE, vous allez pouvoir passer, recevoir des appels et diffuser votre musique sur l\u2019autoradio. Il poss\u00e8de \u00e9galement 2 ports USB et un lecteur de carte SD pour \u00e9couter de la musique au format MP3 \/ WMA \/ [&hellip;]<\/p>\n","protected":false},"featured_media":4847,"template":"","meta":{"site-sidebar-layout":"default","site-content-layout":"default","ast-site-content-layout":"default","site-content-style":"default","site-sidebar-style":"default","ast-global-header-display":"","ast-banner-title-visibility":"","ast-main-header-display":"","ast-hfb-above-header-display":"","ast-hfb-below-header-display":"","ast-hfb-mobile-header-display":"","site-post-title":"","ast-breadcrumbs-content":"","ast-featured-img":"","footer-sml-layout":"","theme-transparent-header-meta":"default","adv-header-id-meta":"","stick-header-meta":"","header-above-stick-meta":"","header-main-stick-meta":"","header-below-stick-meta":"","astra-migrate-meta-layouts":"set","ast-page-background-enabled":"default","ast-page-background-meta":{"desktop":{"background-color":"var(--ast-global-color-4)","background-image":"","background-repeat":"repeat","background-position":"center center","background-size":"auto","background-attachment":"scroll","background-type":"","background-media":"","overlay-type":"","overlay-color":"","overlay-gradient":""},"tablet":{"background-color":"","background-image":"","background-repeat":"repeat","background-position":"center center","background-size":"auto","background-attachment":"scroll","background-type":"","background-media":"","overlay-type":"","overlay-color":"","overlay-gradient":""},"mobile":{"background-color":"","background-image":"","background-repeat":"repeat","background-position":"center center","background-size":"auto","background-attachment":"scroll","background-type":"","background-media":"","overlay-type":"","overlay-color":"","overlay-gradient":""}},"ast-content-background-meta":{"desktop":{"background-color":"var(--ast-global-color-5)","background-image":"","background-repeat":"repeat","background-position":"center center","background-size":"auto","background-attachment":"scroll","background-type":"","background-media":"","overlay-type":"","overlay-color":"","overlay-gradient":""},"tablet":{"background-color":"var(--ast-global-color-5)","background-image":"","background-repeat":"repeat","background-position":"center center","background-size":"auto","background-attachment":"scroll","background-type":"","background-media":"","overlay-type":"","overlay-color":"","overlay-gradient":""},"mobile":{"background-color":"var(--ast-global-color-5)","background-image":"","background-repeat":"repeat","background-position":"center center","background-size":"auto","background-attachment":"scroll","background-type":"","background-media":"","overlay-type":"","overlay-color":"","overlay-gradient":""}}},"product_brand":[],"product_cat":[20,71],"product_tag":[],"class_list":{"0":"post-4846","1":"product","2":"type-product","3":"status-publish","4":"has-post-thumbnail","6":"product_cat-accessoires","7":"product_cat-tous","8":"desktop-align-left","9":"tablet-align-left","10":"mobile-align-left","12":"first","13":"instock","14":"taxable","15":"shipping-taxable","16":"purchasable","17":"product-type-simple"},"_links":{"self":[{"href":"https:\/\/phonemarket.re\/index.php\/wp-json\/wp\/v2\/product\/4846","targetHints":{"allow":["GET"]}}],"collection":[{"href":"https:\/\/phonemarket.re\/index.php\/wp-json\/wp\/v2\/product"}],"about":[{"href":"https:\/\/phonemarket.re\/index.php\/wp-json\/wp\/v2\/types\/product"}],"wp:featuredmedia":[{"embeddable":true,"href":"https:\/\/phonemarket.re\/index.php\/wp-json\/wp\/v2\/media\/4847"}],"wp:attachment":[{"href":"https:\/\/phonemarket.re\/index.php\/wp-json\/wp\/v2\/media?parent=4846"}],"wp:term":[{"taxonomy":"product_brand","embeddable":true,"href":"https:\/\/phonemarket.re\/index.php\/wp-json\/wp\/v2\/product_brand?post=4846"},{"taxonomy":"product_cat","embeddable":true,"href":"https:\/\/phonemarket.re\/index.php\/wp-json\/wp\/v2\/product_cat?post=4846"},{"taxonomy":"product_tag","embeddable":true,"href":"https:\/\/phonemarket.re\/index.php\/wp-json\/wp\/v2\/product_tag?post=4846"}],"curies":[{"name":"wp","href":"https:\/\/api.w.org\/{rel}","templated":true}]}}