{"id":4856,"date":"2024-03-19T10:11:28","date_gmt":"2024-03-19T09:11:28","guid":{"rendered":"https:\/\/phonemarket.re\/?post_type=product&#038;p=4856"},"modified":"2025-03-31T09:00:29","modified_gmt":"2025-03-31T07:00:29","slug":"casque-stereo-head-power-bass","status":"publish","type":"product","link":"https:\/\/phonemarket.re\/index.php\/produit\/casque-stereo-head-power-bass\/","title":{"rendered":"Casque St\u00e9r\u00e9o Head Power Bass"},"content":{"rendered":"<p><strong>Casque Bluetooth Moxie, Power Bass\u00a0<\/strong><br \/>\nCasque Bluetooth compatible avec smartphone, tablette et ordinateur portable dot\u00e9s de la fonction Bluetooth.<\/p>\n<p><strong>Caract\u00e9ristique :<\/strong><\/p>\n<ul>\n<li>Technologie Bluetooth 5.0 : connexion sans fil longue port\u00e9e et sans interf\u00e9rences.<\/li>\n<li>Rendu audio haute d\u00e9finition, avec des basses percutantes.<\/li>\n<li>Autonomie sup\u00e9rieure \u00e0 8h d&rsquo;\u00e9coute cons\u00e9cutives.<\/li>\n<li>Boutons de commande multifonction : gestion du volume, marche \/ pause, morceau pr\u00e9c\u00e9dent \/ suivant.<\/li>\n<li>Poids de 327,00 g\n<dl class=\"f-productProperties__item\"><\/dl>\n<\/li>\n<\/ul>\n","protected":false},"excerpt":{"rendered":"<p>Casque st\u00e9r\u00e9o Bluetooth un son \u00e9quilibr\u00e9 et puissant. De plus, gr\u00e2ce au microphone int\u00e9gr\u00e9, il facilite les appels. Compatible avec iPhone, Samsung, Huawei, Xiaomi et tous les appareils \u00e9quip\u00e9s de Bluetooth. Design moderne avec autour des coussinets d&rsquo;oreille pour un confort optimal.<\/p>\n","protected":false},"featured_media":4858,"template":"","meta":{"site-sidebar-layout":"default","site-content-layout":"default","ast-site-content-layout":"default","site-content-style":"default","site-sidebar-style":"default","ast-global-header-display":"","ast-banner-title-visibility":"","ast-main-header-display":"","ast-hfb-above-header-display":"","ast-hfb-below-header-display":"","ast-hfb-mobile-header-display":"","site-post-title":"","ast-breadcrumbs-content":"","ast-featured-img":"","footer-sml-layout":"","theme-transparent-header-meta":"default","adv-header-id-meta":"","stick-header-meta":"","header-above-stick-meta":"","header-main-stick-meta":"","header-below-stick-meta":"","astra-migrate-meta-layouts":"set","ast-page-background-enabled":"default","ast-page-background-meta":{"desktop":{"background-color":"var(--ast-global-color-4)","background-image":"","background-repeat":"repeat","background-position":"center center","background-size":"auto","background-attachment":"scroll","background-type":"","background-media":"","overlay-type":"","overlay-color":"","overlay-gradient":""},"tablet":{"background-color":"","background-image":"","background-repeat":"repeat","background-position":"center center","background-size":"auto","background-attachment":"scroll","background-type":"","background-media":"","overlay-type":"","overlay-color":"","overlay-gradient":""},"mobile":{"background-color":"","background-image":"","background-repeat":"repeat","background-position":"center center","background-size":"auto","background-attachment":"scroll","background-type":"","background-media":"","overlay-type":"","overlay-color":"","overlay-gradient":""}},"ast-content-background-meta":{"desktop":{"background-color":"var(--ast-global-color-5)","background-image":"","background-repeat":"repeat","background-position":"center center","background-size":"auto","background-attachment":"scroll","background-type":"","background-media":"","overlay-type":"","overlay-color":"","overlay-gradient":""},"tablet":{"background-color":"var(--ast-global-color-5)","background-image":"","background-repeat":"repeat","background-position":"center center","background-size":"auto","background-attachment":"scroll","background-type":"","background-media":"","overlay-type":"","overlay-color":"","overlay-gradient":""},"mobile":{"background-color":"var(--ast-global-color-5)","background-image":"","background-repeat":"repeat","background-position":"center center","background-size":"auto","background-attachment":"scroll","background-type":"","background-media":"","overlay-type":"","overlay-color":"","overlay-gradient":""}}},"product_brand":[],"product_cat":[20,23,71],"product_tag":[],"class_list":{"0":"post-4856","1":"product","2":"type-product","3":"status-publish","4":"has-post-thumbnail","6":"product_cat-accessoires","7":"product_cat-objets-connectes","8":"product_cat-tous","9":"desktop-align-left","10":"tablet-align-left","11":"mobile-align-left","13":"first","14":"onbackorder","15":"taxable","16":"shipping-taxable","17":"purchasable","18":"product-type-simple"},"_links":{"self":[{"href":"https:\/\/phonemarket.re\/index.php\/wp-json\/wp\/v2\/product\/4856","targetHints":{"allow":["GET"]}}],"collection":[{"href":"https:\/\/phonemarket.re\/index.php\/wp-json\/wp\/v2\/product"}],"about":[{"href":"https:\/\/phonemarket.re\/index.php\/wp-json\/wp\/v2\/types\/product"}],"wp:featuredmedia":[{"embeddable":true,"href":"https:\/\/phonemarket.re\/index.php\/wp-json\/wp\/v2\/media\/4858"}],"wp:attachment":[{"href":"https:\/\/phonemarket.re\/index.php\/wp-json\/wp\/v2\/media?parent=4856"}],"wp:term":[{"taxonomy":"product_brand","embeddable":true,"href":"https:\/\/phonemarket.re\/index.php\/wp-json\/wp\/v2\/product_brand?post=4856"},{"taxonomy":"product_cat","embeddable":true,"href":"https:\/\/phonemarket.re\/index.php\/wp-json\/wp\/v2\/product_cat?post=4856"},{"taxonomy":"product_tag","embeddable":true,"href":"https:\/\/phonemarket.re\/index.php\/wp-json\/wp\/v2\/product_tag?post=4856"}],"curies":[{"name":"wp","href":"https:\/\/api.w.org\/{rel}","templated":true}]}}