{"id":4990,"date":"2024-05-22T08:41:47","date_gmt":"2024-05-22T06:41:47","guid":{"rendered":"https:\/\/phonemarket.re\/?post_type=product&#038;p=4990"},"modified":"2024-10-10T12:04:43","modified_gmt":"2024-10-10T10:04:43","slug":"samsung-galaxy-a15","status":"publish","type":"product","link":"https:\/\/phonemarket.re\/index.php\/produit\/samsung-galaxy-a15\/","title":{"rendered":"SAMSUNG GALAXY A15"},"content":{"rendered":"<p class=\"page_heading\"><strong>FICHE TECHNIQUE<\/strong><\/p>\n<p><b>Sp\u00e9cificit\u00e9s<br \/>\n<\/b>SIM : Double SIM<br \/>\nType de SIM : Nano SIM<br \/>\nSyst\u00e8me d\u2019exploitation : Android 14<br \/>\nProcesseur : Octa-Core<br \/>\nBatterie:\u00a0 5000 mAh<br \/>\nLargeur : 160,1 mm<br \/>\nHauteur : 76,8 mm<br \/>\nEpaisseur : 8,4 mm<br \/>\nPoids : 200 g<\/p>\n<p><b>M\u00e9moire<br \/>\n<\/b>RAM : 4 Go<br \/>\nM\u00e9moire : 128 Go<br \/>\nExtensible : Oui &#8211; Micro SD<\/p>\n<p><b>Cam\u00e9ras<\/b><br \/>\nCam\u00e9ra arri\u00e8re : 50, 5, 2 Mpx<br \/>\nCam\u00e9ra frontale : 13 Mpx<\/p>\n<p><b>Affichage<br \/>\n<\/b>Ecran : 6.5\u201d<br \/>\nD\u00e9finition \u00e9cran : 1080 x 2340 pixels<br \/>\nR\u00e9solution : 396 ppp<\/p>\n<p><b>Connectivit\u00e9s<\/b><br \/>\nPrise en charge du d\u00e9verrouillage du visage : Non<br \/>\nPrise en charge du d\u00e9verrouillage par empreinte digitale<br \/>\nTechnologie Bluetooth : Bluetooth 5.3<br \/>\nChargeur \u00e0 induction : Oui<br \/>\nChargeur rapide : Non<br \/>\nFr\u00e9quence : 4G<br \/>\nNFC : Oui<\/p>\n","protected":false},"excerpt":{"rendered":"<p>Le Samsung Galaxy A15 est le mobile tendance du moment depuis sa sortie le 16 d\u00e9cembre 2023 se t\u00e9l\u00e9phone se r\u00e9pand de plus en plus sur le march\u00e9. Sa facilit\u00e9 de prise en mains par ses dimensions adapt\u00e9es, sa tenue longue dur\u00e9e gr\u00e2ce \u00e0 sa capacit\u00e9 de 5 000mAh. Jamais en manque d&rsquo;espace par sa possibilit\u00e9 d&rsquo;y int\u00e9grer une carte Micro-SD. Des captures in\u00e9dites de vos moment vous est permis avec ses cam\u00e9ra arri\u00e8res de 50, 5, 2 pixels.<\/p>\n","protected":false},"featured_media":4657,"template":"","meta":{"site-sidebar-layout":"default","site-content-layout":"default","ast-site-content-layout":"default","site-content-style":"default","site-sidebar-style":"default","ast-global-header-display":"","ast-banner-title-visibility":"","ast-main-header-display":"","ast-hfb-above-header-display":"","ast-hfb-below-header-display":"","ast-hfb-mobile-header-display":"","site-post-title":"","ast-breadcrumbs-content":"","ast-featured-img":"","footer-sml-layout":"","theme-transparent-header-meta":"default","adv-header-id-meta":"","stick-header-meta":"","header-above-stick-meta":"","header-main-stick-meta":"","header-below-stick-meta":"","astra-migrate-meta-layouts":"set","ast-page-background-enabled":"default","ast-page-background-meta":{"desktop":{"background-color":"var(--ast-global-color-4)","background-image":"","background-repeat":"repeat","background-position":"center center","background-size":"auto","background-attachment":"scroll","background-type":"","background-media":"","overlay-type":"","overlay-color":"","overlay-gradient":""},"tablet":{"background-color":"","background-image":"","background-repeat":"repeat","background-position":"center center","background-size":"auto","background-attachment":"scroll","background-type":"","background-media":"","overlay-type":"","overlay-color":"","overlay-gradient":""},"mobile":{"background-color":"","background-image":"","background-repeat":"repeat","background-position":"center center","background-size":"auto","background-attachment":"scroll","background-type":"","background-media":"","overlay-type":"","overlay-color":"","overlay-gradient":""}},"ast-content-background-meta":{"desktop":{"background-color":"var(--ast-global-color-5)","background-image":"","background-repeat":"repeat","background-position":"center center","background-size":"auto","background-attachment":"scroll","background-type":"","background-media":"","overlay-type":"","overlay-color":"","overlay-gradient":""},"tablet":{"background-color":"var(--ast-global-color-5)","background-image":"","background-repeat":"repeat","background-position":"center center","background-size":"auto","background-attachment":"scroll","background-type":"","background-media":"","overlay-type":"","overlay-color":"","overlay-gradient":""},"mobile":{"background-color":"var(--ast-global-color-5)","background-image":"","background-repeat":"repeat","background-position":"center center","background-size":"auto","background-attachment":"scroll","background-type":"","background-media":"","overlay-type":"","overlay-color":"","overlay-gradient":""}}},"product_brand":[],"product_cat":[17,19,31,49,72],"product_tag":[],"class_list":{"0":"post-4990","1":"product","2":"type-product","3":"status-publish","4":"has-post-thumbnail","6":"product_cat-1er-prix","7":"product_cat-marques","8":"product_cat-samsung","9":"product_cat-telephones","10":"product_cat-tous-les-marques","11":"desktop-align-left","12":"tablet-align-left","13":"mobile-align-left","15":"first","16":"onbackorder","17":"taxable","18":"shipping-taxable","19":"purchasable","20":"product-type-simple"},"_links":{"self":[{"href":"https:\/\/phonemarket.re\/index.php\/wp-json\/wp\/v2\/product\/4990","targetHints":{"allow":["GET"]}}],"collection":[{"href":"https:\/\/phonemarket.re\/index.php\/wp-json\/wp\/v2\/product"}],"about":[{"href":"https:\/\/phonemarket.re\/index.php\/wp-json\/wp\/v2\/types\/product"}],"wp:featuredmedia":[{"embeddable":true,"href":"https:\/\/phonemarket.re\/index.php\/wp-json\/wp\/v2\/media\/4657"}],"wp:attachment":[{"href":"https:\/\/phonemarket.re\/index.php\/wp-json\/wp\/v2\/media?parent=4990"}],"wp:term":[{"taxonomy":"product_brand","embeddable":true,"href":"https:\/\/phonemarket.re\/index.php\/wp-json\/wp\/v2\/product_brand?post=4990"},{"taxonomy":"product_cat","embeddable":true,"href":"https:\/\/phonemarket.re\/index.php\/wp-json\/wp\/v2\/product_cat?post=4990"},{"taxonomy":"product_tag","embeddable":true,"href":"https:\/\/phonemarket.re\/index.php\/wp-json\/wp\/v2\/product_tag?post=4990"}],"curies":[{"name":"wp","href":"https:\/\/api.w.org\/{rel}","templated":true}]}}