{"id":5127,"date":"2024-12-12T11:14:09","date_gmt":"2024-12-12T10:14:09","guid":{"rendered":"https:\/\/phonemarket.re\/?post_type=product&#038;p=5127"},"modified":"2025-03-31T09:02:42","modified_gmt":"2025-03-31T07:02:42","slug":"honor-90-smart","status":"publish","type":"product","link":"https:\/\/phonemarket.re\/index.php\/produit\/honor-90-smart\/","title":{"rendered":"Honor 90 SMART"},"content":{"rendered":"<p class=\"page_heading\"><strong>FICHE TECHNIQUE<\/strong><\/p>\n<p>&nbsp;<\/p>\n<p><b>Sp\u00e9cificit\u00e9s<\/b><\/p>\n<p><span style=\"font-weight: 400;\">SIM : <\/span><i><span style=\"font-weight: 400;\">Double SIM<\/span><\/i><\/p>\n<p><span style=\"font-weight: 400;\">Type de SIM : <\/span><i><span style=\"font-weight: 400;\">Nano SIM<\/span><\/i><\/p>\n<p><span style=\"font-weight: 400;\">Syst\u00e8me d\u2019exploitation : <\/span><i><span style=\"font-weight: 400;\">MagicOS 7.2 (Bas\u00e9 sur Android 13)<\/span><\/i><\/p>\n<p><span style=\"font-weight: 400;\">Processeur : <\/span><i><span style=\"font-weight: 400;\">MediaTek Dimensity 6020 Octa-core\u00a0<\/span><\/i><\/p>\n<p><span style=\"font-weight: 400;\">Batterie:\u00a0 <\/span><i><span style=\"font-weight: 400;\">5330 mAh<\/span><\/i><\/p>\n<p><span style=\"font-weight: 400;\">Largeur : <\/span><i><span style=\"font-weight: 400;\">76,5 mm<\/span><\/i><\/p>\n<p><span style=\"font-weight: 400;\">Hauteur : <\/span><i><span style=\"font-weight: 400;\">166,7 mm<\/span><\/i><\/p>\n<p><span style=\"font-weight: 400;\">Epaisseur : <\/span><i><span style=\"font-weight: 400;\">8,24 mm<\/span><\/i><\/p>\n<p><span style=\"font-weight: 400;\">Poids : <\/span><i><span style=\"font-weight: 400;\">199 g batterie incluse\u00a0<\/span><\/i><\/p>\n<p><b>M\u00e9moire<\/b><\/p>\n<p><span style=\"font-weight: 400;\">RAM : <\/span><i><span style=\"font-weight: 400;\">4 Go<\/span><\/i><\/p>\n<p><span style=\"font-weight: 400;\">M\u00e9moire : <\/span><i><span style=\"font-weight: 400;\">128 Go<\/span><\/i><\/p>\n<p><b>Cam\u00e9ras<\/b><\/p>\n<p><span style=\"font-weight: 400;\">Cam\u00e9ra arri\u00e8re : <\/span><i><span style=\"font-weight: 400;\">108,2,2 MP<\/span><\/i><\/p>\n<p><span style=\"font-weight: 400;\">Cam\u00e9ra frontale : <\/span><i><span style=\"font-weight: 400;\">8 Mp<\/span><\/i><\/p>\n<p><b>Affichage<\/b><\/p>\n<p><span style=\"font-weight: 400;\">Ecran : <\/span><i><span style=\"font-weight: 400;\">6,8\u201d<\/span><\/i><\/p>\n<p><span style=\"font-weight: 400;\">D\u00e9finition \u00e9cran : <\/span><i><span style=\"font-weight: 400;\">2412 x 1080 pixels<\/span><\/i><\/p>\n<p><span style=\"font-weight: 400;\">R\u00e9solution : non\u00a0<\/span><\/p>\n<p><b>Connectivit\u00e9s<\/b><\/p>\n<p><span style=\"font-weight: 400;\">Prise en charge de la reconnaissance faciale\u00a0<\/span><\/p>\n<p><span style=\"font-weight: 400;\">Prise en charge du d\u00e9verrouillage par empreinte digitale<\/span><\/p>\n<p><span style=\"font-weight: 400;\">Capteur de proximit\u00e9<\/span><\/p>\n<p><span style=\"font-weight: 400;\">Technologie Bluetooth : <\/span><i><span style=\"font-weight: 400;\">Bluetooth 5.1<\/span><\/i><\/p>\n<p><span style=\"font-weight: 400;\">Chargeur standard\u00a0<\/span><\/p>\n<p><span style=\"font-weight: 400;\">Fr\u00e9quence Wifi\u00a0 : <\/span><i><span style=\"font-weight: 400;\">2,4 GHz et 5 GHz\u00a0<\/span><\/i><span style=\"font-weight: 400;\">NFC<\/span><\/p>\n","protected":false},"excerpt":{"rendered":"<p>FICHE TECHNIQUE &nbsp; Sp\u00e9cificit\u00e9s SIM : Double SIM Type de SIM : Nano SIM Syst\u00e8me d\u2019exploitation : MagicOS 7.2 (Bas\u00e9 sur Android 13) Processeur : MediaTek Dimensity 6020 Octa-core\u00a0 Batterie:\u00a0 5330 mAh Largeur : 76,5 mm Hauteur : 166,7 mm Epaisseur : 8,24 mm Poids : 199 g batterie incluse\u00a0 M\u00e9moire RAM : 4 Go [&hellip;]<\/p>\n","protected":false},"featured_media":5129,"template":"","meta":{"site-sidebar-layout":"default","site-content-layout":"default","ast-site-content-layout":"default","site-content-style":"default","site-sidebar-style":"default","ast-global-header-display":"","ast-banner-title-visibility":"","ast-main-header-display":"","ast-hfb-above-header-display":"","ast-hfb-below-header-display":"","ast-hfb-mobile-header-display":"","site-post-title":"","ast-breadcrumbs-content":"","ast-featured-img":"","footer-sml-layout":"","theme-transparent-header-meta":"default","adv-header-id-meta":"","stick-header-meta":"","header-above-stick-meta":"","header-main-stick-meta":"","header-below-stick-meta":"","astra-migrate-meta-layouts":"set","ast-page-background-enabled":"default","ast-page-background-meta":{"desktop":{"background-color":"var(--ast-global-color-4)","background-image":"","background-repeat":"repeat","background-position":"center center","background-size":"auto","background-attachment":"scroll","background-type":"","background-media":"","overlay-type":"","overlay-color":"","overlay-gradient":""},"tablet":{"background-color":"","background-image":"","background-repeat":"repeat","background-position":"center center","background-size":"auto","background-attachment":"scroll","background-type":"","background-media":"","overlay-type":"","overlay-color":"","overlay-gradient":""},"mobile":{"background-color":"","background-image":"","background-repeat":"repeat","background-position":"center center","background-size":"auto","background-attachment":"scroll","background-type":"","background-media":"","overlay-type":"","overlay-color":"","overlay-gradient":""}},"ast-content-background-meta":{"desktop":{"background-color":"var(--ast-global-color-5)","background-image":"","background-repeat":"repeat","background-position":"center center","background-size":"auto","background-attachment":"scroll","background-type":"","background-media":"","overlay-type":"","overlay-color":"","overlay-gradient":""},"tablet":{"background-color":"var(--ast-global-color-5)","background-image":"","background-repeat":"repeat","background-position":"center center","background-size":"auto","background-attachment":"scroll","background-type":"","background-media":"","overlay-type":"","overlay-color":"","overlay-gradient":""},"mobile":{"background-color":"var(--ast-global-color-5)","background-image":"","background-repeat":"repeat","background-position":"center center","background-size":"auto","background-attachment":"scroll","background-type":"","background-media":"","overlay-type":"","overlay-color":"","overlay-gradient":""}}},"product_brand":[],"product_cat":[17,98,49,72],"product_tag":[],"class_list":{"0":"post-5127","1":"product","2":"type-product","3":"status-publish","4":"has-post-thumbnail","6":"product_cat-1er-prix","7":"product_cat-honor","8":"product_cat-telephones","9":"product_cat-tous-les-marques","10":"desktop-align-left","11":"tablet-align-left","12":"mobile-align-left","14":"first","15":"onbackorder","16":"taxable","17":"shipping-taxable","18":"purchasable","19":"product-type-simple"},"_links":{"self":[{"href":"https:\/\/phonemarket.re\/index.php\/wp-json\/wp\/v2\/product\/5127","targetHints":{"allow":["GET"]}}],"collection":[{"href":"https:\/\/phonemarket.re\/index.php\/wp-json\/wp\/v2\/product"}],"about":[{"href":"https:\/\/phonemarket.re\/index.php\/wp-json\/wp\/v2\/types\/product"}],"wp:featuredmedia":[{"embeddable":true,"href":"https:\/\/phonemarket.re\/index.php\/wp-json\/wp\/v2\/media\/5129"}],"wp:attachment":[{"href":"https:\/\/phonemarket.re\/index.php\/wp-json\/wp\/v2\/media?parent=5127"}],"wp:term":[{"taxonomy":"product_brand","embeddable":true,"href":"https:\/\/phonemarket.re\/index.php\/wp-json\/wp\/v2\/product_brand?post=5127"},{"taxonomy":"product_cat","embeddable":true,"href":"https:\/\/phonemarket.re\/index.php\/wp-json\/wp\/v2\/product_cat?post=5127"},{"taxonomy":"product_tag","embeddable":true,"href":"https:\/\/phonemarket.re\/index.php\/wp-json\/wp\/v2\/product_tag?post=5127"}],"curies":[{"name":"wp","href":"https:\/\/api.w.org\/{rel}","templated":true}]}}