{"id":5167,"date":"2025-03-06T08:00:02","date_gmt":"2025-03-06T07:00:02","guid":{"rendered":"https:\/\/phonemarket.re\/?post_type=product&#038;p=5167"},"modified":"2025-03-06T08:32:15","modified_gmt":"2025-03-06T07:32:15","slug":"binom-x3-senior-flip","status":"publish","type":"product","link":"https:\/\/phonemarket.re\/index.php\/produit\/binom-x3-senior-flip\/","title":{"rendered":"BINOM X3 Senior Flip"},"content":{"rendered":"<p class=\"page_heading\"><strong>FICHE TECHNIQUE<\/strong><\/p>\n<p><b>Caract\u00e9ristiques Principales<\/b><br \/>\n<b><\/b>4G<br \/>\nFonction d&rsquo;appel d&rsquo;urgence avec un bouton SOS<br \/>\nR\u00e9solution 2 m\u00e9gapixels pour l&rsquo;appareil photo<br \/>\nTouches d&rsquo;appels directs<br \/>\nCompatibilit\u00e9 tout op\u00e9rateur<br \/>\nIndicateur de volume sonore<\/p>\n<p><b>Fonctions principales<b><br \/>\n<\/b><\/b>Clavier r\u00e9tro-\u00e9clair\u00e9 \u00e0 grosses touches<br \/>\nGrand \u00e9cran avec gros caract\u00e8res<br \/>\nLocalisation GPS<br \/>\nCalendrier<br \/>\nCalculatrice<br \/>\nEnregistreur vocal<br \/>\nR\u00e9veil<br \/>\nChronom\u00e8tre<br \/>\nLecteur vid\u00e9o<br \/>\nAppareil photo<br \/>\nPersonnalisation du contact avec phot<br \/>\nCompatible Bluetooth<\/p>\n<p><b>Appareil photo<\/b><br \/>\nR\u00e9solution 2 m\u00e9gapixels pour l&rsquo;appareil photo<br \/>\nEnregistrement de vid\u00e9os<br \/>\nFlash pour l&rsquo;appareil photo<br \/>\nGalerie d&rsquo;images et de vid\u00e9os<\/p>\n<p><b>Capacit\u00e9s du t\u00e9l\u00e9phone<br \/>\n<\/b>Capacit\u00e9 d&rsquo;enregistrement jusqu&rsquo;\u00e0 500 contacts<br \/>\nJusqu&rsquo;\u00e0 12 contacts accessibles directement sur les touches du t\u00e9l\u00e9phone<\/p>\n<p><b>Langues disponibles \u00e0 l&rsquo;usage<\/b><br \/>\nFran\u00e7ais<br \/>\nAnglais<br \/>\nEspagnol<br \/>\nItalien<br \/>\nAllemand<br \/>\nPortugais<\/p>\n<p><b>Contenu de l&#8217;emballage<\/b><br \/>\nT\u00e9l\u00e9phone mobile Binom X3<br \/>\nBatterie<br \/>\nSocle de chargement<br \/>\nChargeur secteur<br \/>\nDragonne<br \/>\nGuide de prise en main rapide<\/p>\n","protected":false},"excerpt":{"rendered":"<p>FICHE TECHNIQUE Caract\u00e9ristiques Principales 4G Fonction d&rsquo;appel d&rsquo;urgence avec un bouton SOS R\u00e9solution 2 m\u00e9gapixels pour l&rsquo;appareil photo Touches d&rsquo;appels directs Compatibilit\u00e9 tout op\u00e9rateur Indicateur de volume sonore Fonctions principales Clavier r\u00e9tro-\u00e9clair\u00e9 \u00e0 grosses touches Grand \u00e9cran avec gros caract\u00e8res Localisation GPS Calendrier Calculatrice Enregistreur vocal R\u00e9veil Chronom\u00e8tre Lecteur vid\u00e9o Appareil photo Personnalisation du contact [&hellip;]<\/p>\n","protected":false},"featured_media":5168,"template":"","meta":{"site-sidebar-layout":"default","site-content-layout":"default","ast-site-content-layout":"default","site-content-style":"default","site-sidebar-style":"default","ast-global-header-display":"","ast-banner-title-visibility":"","ast-main-header-display":"","ast-hfb-above-header-display":"","ast-hfb-below-header-display":"","ast-hfb-mobile-header-display":"","site-post-title":"","ast-breadcrumbs-content":"","ast-featured-img":"","footer-sml-layout":"","theme-transparent-header-meta":"default","adv-header-id-meta":"","stick-header-meta":"","header-above-stick-meta":"","header-main-stick-meta":"","header-below-stick-meta":"","astra-migrate-meta-layouts":"set","ast-page-background-enabled":"default","ast-page-background-meta":{"desktop":{"background-color":"var(--ast-global-color-4)","background-image":"","background-repeat":"repeat","background-position":"center center","background-size":"auto","background-attachment":"scroll","background-type":"","background-media":"","overlay-type":"","overlay-color":"","overlay-gradient":""},"tablet":{"background-color":"","background-image":"","background-repeat":"repeat","background-position":"center center","background-size":"auto","background-attachment":"scroll","background-type":"","background-media":"","overlay-type":"","overlay-color":"","overlay-gradient":""},"mobile":{"background-color":"","background-image":"","background-repeat":"repeat","background-position":"center center","background-size":"auto","background-attachment":"scroll","background-type":"","background-media":"","overlay-type":"","overlay-color":"","overlay-gradient":""}},"ast-content-background-meta":{"desktop":{"background-color":"var(--ast-global-color-5)","background-image":"","background-repeat":"repeat","background-position":"center center","background-size":"auto","background-attachment":"scroll","background-type":"","background-media":"","overlay-type":"","overlay-color":"","overlay-gradient":""},"tablet":{"background-color":"var(--ast-global-color-5)","background-image":"","background-repeat":"repeat","background-position":"center center","background-size":"auto","background-attachment":"scroll","background-type":"","background-media":"","overlay-type":"","overlay-color":"","overlay-gradient":""},"mobile":{"background-color":"var(--ast-global-color-5)","background-image":"","background-repeat":"repeat","background-position":"center center","background-size":"auto","background-attachment":"scroll","background-type":"","background-media":"","overlay-type":"","overlay-color":"","overlay-gradient":""}}},"product_brand":[],"product_cat":[17,49,72],"product_tag":[],"class_list":{"0":"post-5167","1":"product","2":"type-product","3":"status-publish","4":"has-post-thumbnail","6":"product_cat-1er-prix","7":"product_cat-telephones","8":"product_cat-tous-les-marques","9":"desktop-align-left","10":"tablet-align-left","11":"mobile-align-left","13":"first","14":"instock","15":"taxable","16":"shipping-taxable","17":"purchasable","18":"product-type-simple"},"_links":{"self":[{"href":"https:\/\/phonemarket.re\/index.php\/wp-json\/wp\/v2\/product\/5167","targetHints":{"allow":["GET"]}}],"collection":[{"href":"https:\/\/phonemarket.re\/index.php\/wp-json\/wp\/v2\/product"}],"about":[{"href":"https:\/\/phonemarket.re\/index.php\/wp-json\/wp\/v2\/types\/product"}],"wp:featuredmedia":[{"embeddable":true,"href":"https:\/\/phonemarket.re\/index.php\/wp-json\/wp\/v2\/media\/5168"}],"wp:attachment":[{"href":"https:\/\/phonemarket.re\/index.php\/wp-json\/wp\/v2\/media?parent=5167"}],"wp:term":[{"taxonomy":"product_brand","embeddable":true,"href":"https:\/\/phonemarket.re\/index.php\/wp-json\/wp\/v2\/product_brand?post=5167"},{"taxonomy":"product_cat","embeddable":true,"href":"https:\/\/phonemarket.re\/index.php\/wp-json\/wp\/v2\/product_cat?post=5167"},{"taxonomy":"product_tag","embeddable":true,"href":"https:\/\/phonemarket.re\/index.php\/wp-json\/wp\/v2\/product_tag?post=5167"}],"curies":[{"name":"wp","href":"https:\/\/api.w.org\/{rel}","templated":true}]}}