{"id":5170,"date":"2025-03-26T08:22:45","date_gmt":"2025-03-26T07:22:45","guid":{"rendered":"https:\/\/phonemarket.re\/?post_type=product&#038;p=5170"},"modified":"2025-03-27T06:26:32","modified_gmt":"2025-03-27T05:26:32","slug":"binom-sx1","status":"publish","type":"product","link":"https:\/\/phonemarket.re\/index.php\/produit\/binom-sx1\/","title":{"rendered":"BINOM SX1"},"content":{"rendered":"<p class=\"page_heading\"><strong>FICHE TECHNIQUE<\/strong><\/p>\n<p><b>Caract\u00e9ristiques Principales<\/b><br \/>\n<b><\/b>4G<br \/>\nFonction d&rsquo;appel d&rsquo;urgence avec un bouton SOS<br \/>\nR\u00e9solution 13 m\u00e9gapixels pour l&rsquo;appareil photo<br \/>\n\u00c9cran tactile facile \u00e0 lire avec gros caract\u00e8res<br \/>\nAndroid 12<br \/>\nFort volume et haute qualit\u00e9 sonore<br \/>\nCompatibilit\u00e9 tout op\u00e9rateur<br \/>\nBluetooth<br \/>\nWifi<br \/>\n<b>Fonctions principales<b><br \/>\n<\/b><\/b>Menu simplifi\u00e9<br \/>\nLocalisation GPS<br \/>\nLampe torche<br \/>\nCalendrier<br \/>\nCalculatrice<br \/>\nEnregistreur vocal<br \/>\nR\u00e9veil<br \/>\nChronom\u00e8tre<br \/>\nLecteur vid\u00e9o<br \/>\nAppareil Photo<br \/>\nPersonnalisation du contact avec photo<\/p>\n<p><b>Appareil photo<\/b><br \/>\nCam\u00e9ra arri\u00e8re: r\u00e9solution 13 m\u00e9gapixels<br \/>\nCam\u00e9ra avant: r\u00e9solution 5 m\u00e9gapixels<br \/>\nEnregistrement de vid\u00e9os<br \/>\nFlash pour l&rsquo;appareil photo<br \/>\nGalerie d&rsquo;images et de vid\u00e9os<\/p>\n<p><b>Capacit\u00e9s du t\u00e9l\u00e9phone<br \/>\n<\/b> M\u00e9moire flash: 32GB<br \/>\nM\u00e9moire RAM: 3GB<br \/>\nPossibilit\u00e9 d&rsquo;enregistrer 5 contacts sur le bouton SOS<\/p>\n<p><b>Caract\u00e9ristiques techniques<\/b><br \/>\nDimensions: 144mm x 73 mm x 11.4 mm<br \/>\nPoids: 177 grammes (incluant la batterie)<br \/>\nBatterie Lithium-Ion 3.85 V 2500 mAh<br \/>\nConnecteur de charge USB-C<br \/>\nD.A.S t\u00eate: 0.245 W\/KG<br \/>\nD.A.S corps: 1.454 W\/KG<br \/>\nD.A.S membre: 1.454 W\/KG<\/p>\n<p><b>Contenu de l&#8217;emballage<\/b><br \/>\nSmartphone Binom SX1<br \/>\nBatterie<br \/>\nSocle de chargement<br \/>\nAdaptateur secteur<br \/>\nC\u00e2ble USB vers USB-C<br \/>\nGuide de prise en main rapide<\/p>\n","protected":false},"excerpt":{"rendered":"<p>FICHE TECHNIQUE Caract\u00e9ristiques Principales 4G Fonction d&rsquo;appel d&rsquo;urgence avec un bouton SOS R\u00e9solution 13 m\u00e9gapixels pour l&rsquo;appareil photo \u00c9cran tactile facile \u00e0 lire avec gros caract\u00e8res Android 12 Fort volume et haute qualit\u00e9 sonore Compatibilit\u00e9 tout op\u00e9rateur Bluetooth Wifi Fonctions principales Menu simplifi\u00e9 Localisation GPS Lampe torche Calendrier Calculatrice Enregistreur vocal R\u00e9veil Chronom\u00e8tre Lecteur vid\u00e9o [&hellip;]<\/p>\n","protected":false},"featured_media":5171,"template":"","meta":{"site-sidebar-layout":"default","site-content-layout":"default","ast-site-content-layout":"default","site-content-style":"default","site-sidebar-style":"default","ast-global-header-display":"","ast-banner-title-visibility":"","ast-main-header-display":"","ast-hfb-above-header-display":"","ast-hfb-below-header-display":"","ast-hfb-mobile-header-display":"","site-post-title":"","ast-breadcrumbs-content":"","ast-featured-img":"","footer-sml-layout":"","theme-transparent-header-meta":"default","adv-header-id-meta":"","stick-header-meta":"","header-above-stick-meta":"","header-main-stick-meta":"","header-below-stick-meta":"","astra-migrate-meta-layouts":"set","ast-page-background-enabled":"default","ast-page-background-meta":{"desktop":{"background-color":"var(--ast-global-color-4)","background-image":"","background-repeat":"repeat","background-position":"center center","background-size":"auto","background-attachment":"scroll","background-type":"","background-media":"","overlay-type":"","overlay-color":"","overlay-gradient":""},"tablet":{"background-color":"","background-image":"","background-repeat":"repeat","background-position":"center center","background-size":"auto","background-attachment":"scroll","background-type":"","background-media":"","overlay-type":"","overlay-color":"","overlay-gradient":""},"mobile":{"background-color":"","background-image":"","background-repeat":"repeat","background-position":"center center","background-size":"auto","background-attachment":"scroll","background-type":"","background-media":"","overlay-type":"","overlay-color":"","overlay-gradient":""}},"ast-content-background-meta":{"desktop":{"background-color":"var(--ast-global-color-5)","background-image":"","background-repeat":"repeat","background-position":"center center","background-size":"auto","background-attachment":"scroll","background-type":"","background-media":"","overlay-type":"","overlay-color":"","overlay-gradient":""},"tablet":{"background-color":"var(--ast-global-color-5)","background-image":"","background-repeat":"repeat","background-position":"center center","background-size":"auto","background-attachment":"scroll","background-type":"","background-media":"","overlay-type":"","overlay-color":"","overlay-gradient":""},"mobile":{"background-color":"var(--ast-global-color-5)","background-image":"","background-repeat":"repeat","background-position":"center center","background-size":"auto","background-attachment":"scroll","background-type":"","background-media":"","overlay-type":"","overlay-color":"","overlay-gradient":""}}},"product_brand":[],"product_cat":[17,49,72],"product_tag":[],"class_list":{"0":"post-5170","1":"product","2":"type-product","3":"status-publish","4":"has-post-thumbnail","6":"product_cat-1er-prix","7":"product_cat-telephones","8":"product_cat-tous-les-marques","9":"desktop-align-left","10":"tablet-align-left","11":"mobile-align-left","13":"first","14":"instock","15":"taxable","16":"shipping-taxable","17":"purchasable","18":"product-type-simple"},"_links":{"self":[{"href":"https:\/\/phonemarket.re\/index.php\/wp-json\/wp\/v2\/product\/5170","targetHints":{"allow":["GET"]}}],"collection":[{"href":"https:\/\/phonemarket.re\/index.php\/wp-json\/wp\/v2\/product"}],"about":[{"href":"https:\/\/phonemarket.re\/index.php\/wp-json\/wp\/v2\/types\/product"}],"wp:featuredmedia":[{"embeddable":true,"href":"https:\/\/phonemarket.re\/index.php\/wp-json\/wp\/v2\/media\/5171"}],"wp:attachment":[{"href":"https:\/\/phonemarket.re\/index.php\/wp-json\/wp\/v2\/media?parent=5170"}],"wp:term":[{"taxonomy":"product_brand","embeddable":true,"href":"https:\/\/phonemarket.re\/index.php\/wp-json\/wp\/v2\/product_brand?post=5170"},{"taxonomy":"product_cat","embeddable":true,"href":"https:\/\/phonemarket.re\/index.php\/wp-json\/wp\/v2\/product_cat?post=5170"},{"taxonomy":"product_tag","embeddable":true,"href":"https:\/\/phonemarket.re\/index.php\/wp-json\/wp\/v2\/product_tag?post=5170"}],"curies":[{"name":"wp","href":"https:\/\/api.w.org\/{rel}","templated":true}]}}