{"id":87,"date":"2021-01-19T15:50:12","date_gmt":"2021-01-19T14:50:12","guid":{"rendered":"https:\/\/phonemarket.re\/?post_type=product&#038;p=87"},"modified":"2023-10-30T09:02:32","modified_gmt":"2023-10-30T08:02:32","slug":"cable-usb-type-c","status":"publish","type":"product","link":"https:\/\/phonemarket.re\/index.php\/produit\/cable-usb-type-c\/","title":{"rendered":"Cable USB Type C"},"content":{"rendered":"<h2><strong>\u00c0 propos de cet article<\/strong><\/h2>\n<p>Soutenir le chargement de puissance.<\/p>\n<p>Capacit\u00e9 de puissance \u00e9lev\u00e9e pour des charges plus rapides.<\/p>\n<p>Compatible avec les appareils dot\u00e9s d&rsquo;un port USB-C 3.1 de type C.<\/p>\n<p>Facile \u00e0 utiliser.\u00a0Il est totalement r\u00e9versible, vous n\u2019avez donc pas besoin d\u2019essayer \u00e0 trois reprises de le rentrer correctement.<\/p>\n<p>Branchez simplement le connecteur sur votre appareil avec le port USB-C 3.1 Type C.<\/p>\n<p>Disponible<\/p>\n","protected":false},"excerpt":{"rendered":"<p>\u00c0 propos de cet article Soutenir le chargement de puissance. Capacit\u00e9 de puissance \u00e9lev\u00e9e pour des charges plus rapides. Compatible avec les appareils dot\u00e9s d&rsquo;un port USB-C 3.1 de type C. Facile \u00e0 utiliser.\u00a0Il est totalement r\u00e9versible, vous n\u2019avez donc pas besoin d\u2019essayer \u00e0 trois reprises de le rentrer correctement. Branchez simplement le connecteur sur [&hellip;]<\/p>\n","protected":false},"featured_media":4601,"template":"","meta":{"site-sidebar-layout":"default","site-content-layout":"default","ast-site-content-layout":"default","site-content-style":"default","site-sidebar-style":"default","ast-global-header-display":"","ast-banner-title-visibility":"","ast-main-header-display":"","ast-hfb-above-header-display":"","ast-hfb-below-header-display":"","ast-hfb-mobile-header-display":"","site-post-title":"","ast-breadcrumbs-content":"","ast-featured-img":"","footer-sml-layout":"","theme-transparent-header-meta":"default","adv-header-id-meta":"","stick-header-meta":"","header-above-stick-meta":"","header-main-stick-meta":"","header-below-stick-meta":"","astra-migrate-meta-layouts":"set","ast-page-background-enabled":"default","ast-page-background-meta":{"desktop":{"background-color":"var(--ast-global-color-4)","background-image":"","background-repeat":"repeat","background-position":"center center","background-size":"auto","background-attachment":"scroll","background-type":"","background-media":"","overlay-type":"","overlay-color":"","overlay-gradient":""},"tablet":{"background-color":"","background-image":"","background-repeat":"repeat","background-position":"center center","background-size":"auto","background-attachment":"scroll","background-type":"","background-media":"","overlay-type":"","overlay-color":"","overlay-gradient":""},"mobile":{"background-color":"","background-image":"","background-repeat":"repeat","background-position":"center center","background-size":"auto","background-attachment":"scroll","background-type":"","background-media":"","overlay-type":"","overlay-color":"","overlay-gradient":""}},"ast-content-background-meta":{"desktop":{"background-color":"var(--ast-global-color-5)","background-image":"","background-repeat":"repeat","background-position":"center center","background-size":"auto","background-attachment":"scroll","background-type":"","background-media":"","overlay-type":"","overlay-color":"","overlay-gradient":""},"tablet":{"background-color":"var(--ast-global-color-5)","background-image":"","background-repeat":"repeat","background-position":"center center","background-size":"auto","background-attachment":"scroll","background-type":"","background-media":"","overlay-type":"","overlay-color":"","overlay-gradient":""},"mobile":{"background-color":"var(--ast-global-color-5)","background-image":"","background-repeat":"repeat","background-position":"center center","background-size":"auto","background-attachment":"scroll","background-type":"","background-media":"","overlay-type":"","overlay-color":"","overlay-gradient":""}}},"product_brand":[],"product_cat":[20,24,25,31,71,72,32],"product_tag":[],"class_list":{"0":"post-87","1":"product","2":"type-product","3":"status-publish","4":"has-post-thumbnail","6":"product_cat-accessoires","7":"product_cat-accessoires-huawei","8":"product_cat-accessoires-samsung","9":"product_cat-samsung","10":"product_cat-tous","11":"product_cat-tous-les-marques","12":"product_cat-xiaomi","13":"desktop-align-left","14":"tablet-align-left","15":"mobile-align-left","17":"first","18":"instock","19":"taxable","20":"shipping-taxable","21":"purchasable","22":"product-type-simple"},"_links":{"self":[{"href":"https:\/\/phonemarket.re\/index.php\/wp-json\/wp\/v2\/product\/87","targetHints":{"allow":["GET"]}}],"collection":[{"href":"https:\/\/phonemarket.re\/index.php\/wp-json\/wp\/v2\/product"}],"about":[{"href":"https:\/\/phonemarket.re\/index.php\/wp-json\/wp\/v2\/types\/product"}],"wp:featuredmedia":[{"embeddable":true,"href":"https:\/\/phonemarket.re\/index.php\/wp-json\/wp\/v2\/media\/4601"}],"wp:attachment":[{"href":"https:\/\/phonemarket.re\/index.php\/wp-json\/wp\/v2\/media?parent=87"}],"wp:term":[{"taxonomy":"product_brand","embeddable":true,"href":"https:\/\/phonemarket.re\/index.php\/wp-json\/wp\/v2\/product_brand?post=87"},{"taxonomy":"product_cat","embeddable":true,"href":"https:\/\/phonemarket.re\/index.php\/wp-json\/wp\/v2\/product_cat?post=87"},{"taxonomy":"product_tag","embeddable":true,"href":"https:\/\/phonemarket.re\/index.php\/wp-json\/wp\/v2\/product_tag?post=87"}],"curies":[{"name":"wp","href":"https:\/\/api.w.org\/{rel}","templated":true}]}}